{"id":765,"date":"2024-01-19T16:13:16","date_gmt":"2024-01-19T16:13:16","guid":{"rendered":"https:\/\/smileviagens.pt\/?page_id=765"},"modified":"2024-01-19T16:14:51","modified_gmt":"2024-01-19T16:14:51","slug":"condioes-de-utilizacao","status":"publish","type":"page","link":"https:\/\/smileviagens.pt\/?page_id=765","title":{"rendered":"Condi\u00e7\u00f5es de Utiliza\u00e7\u00e3o"},"content":{"rendered":"\t\t<div data-elementor-type=\"wp-page\" data-elementor-id=\"765\" class=\"elementor elementor-765\">\n\t\t\t\t<div class=\"elementor-element elementor-element-78c616d2 e-flex e-con-boxed e-con e-parent\" data-id=\"78c616d2\" data-element_type=\"container\" data-e-type=\"container\">\n\t\t\t\t\t<div class=\"e-con-inner\">\n\t\t\t\t<div class=\"elementor-element elementor-element-748c319b elementor-widget elementor-widget-text-editor\" data-id=\"748c319b\" data-element_type=\"widget\" data-e-type=\"widget\" data-widget_type=\"text-editor.default\">\n\t\t\t\t<div class=\"elementor-widget-container\">\n\t\t\t\t\t\t\t\t\t<p class=\"p1\"><b>CONDI\u00c7\u00d5ES DE UTILIZA\u00c7\u00c3O<\/b><\/p><p class=\"p3\">Todos os direitos de autor, copyright, marca registada e outros aplic\u00e1veis ou utilizados no presente Website \u00e9 propriedade de Smile &#8211; Viagens e Turismo, Lda, com sede na Rua de P\u00e1dua Correia nr\u00ba 191 &#8211; sala 21 | 4400-238 Vila Nova de Gaia, e est\u00e3o protegidos por direitos de autor. Todos os direitos que n\u00e3o sejam expressamente concedidos pelo presente conte\u00fado s\u00e3o direitos reservados.<\/p><p class=\"p3\">O presente Website \u00e9 para uso pessoal e n\u00e3o comercial do utilizador. \u00c9 proibida a c\u00f3pia, altera\u00e7\u00e3o, distribui\u00e7\u00e3o, transmiss\u00e3o, exibi\u00e7\u00e3o, reprodu\u00e7\u00e3o, publica\u00e7\u00e3o, transfer\u00eancia ou venda de quaisquer informa\u00e7\u00f5es, produtos ou servi\u00e7os obtidos atrav\u00e9s do mesmo.<\/p><p class=\"p3\">Em caso algum a Smile Viagens poder\u00e1 ser responsabilizada, direta ou indiretamente, por qualquer dano resultante ou de qualquer forma relacionado com o uso do nosso Website.<\/p><p class=\"p3\">A Smile Viagens n\u00e3o garante que as suas p\u00e1ginas na Web n\u00e3o ser\u00e3o interrompidas ou que n\u00e3o ter\u00e3o erros.<\/p><p class=\"p3\">A Smile Viagens reserva-se o direito de inserir, alterar e remover, sem aviso pr\u00e9vio e seja qual for a causa, qualquer informa\u00e7\u00e3o presente no Website. O utilizador \u00e9 respons\u00e1vel por rever o conte\u00fado sempre que consultar o mesmo.<\/p><p class=\"p3\">Para facilitar a sua acessibilidade, a Smile Viagens pode incluir links para sites na Internet que sejam propriedade ou operados por terceiros, aceitando assim caso os visite, as regras destes. Para al\u00e9m disso, um link para um site que n\u00e3o seja da Smile Viagens n\u00e3o significa que a Smile Viagens apoie o site ou os produtos e servi\u00e7os a\u00ed referenciados.<\/p>\t\t\t\t\t\t\t\t<\/div>\n\t\t\t\t<\/div>\n\t\t\t\t\t<\/div>\n\t\t\t\t<\/div>\n\t\t\t\t<\/div>\n\t\t","protected":false},"excerpt":{"rendered":"<p>CONDI\u00c7\u00d5ES DE UTILIZA\u00c7\u00c3O Todos os direitos de autor, copyright, marca registada e outros aplic\u00e1veis ou utilizados no presente Website \u00e9 propriedade de Smile &#8211; Viagens e Turismo, Lda, com sede na Rua de P\u00e1dua Correia nr\u00ba 191 &#8211; sala 21 | 4400-238 Vila Nova de Gaia, e est\u00e3o protegidos por direitos de autor. Todos os&hellip;<\/p>\n","protected":false},"author":1,"featured_media":0,"parent":0,"menu_order":0,"comment_status":"closed","ping_status":"open","template":"","meta":{"footnotes":""},"class_list":["post-765","page","type-page","status-publish","hentry"],"_links":{"self":[{"href":"https:\/\/smileviagens.pt\/index.php?rest_route=\/wp\/v2\/pages\/765","targetHints":{"allow":["GET"]}}],"collection":[{"href":"https:\/\/smileviagens.pt\/index.php?rest_route=\/wp\/v2\/pages"}],"about":[{"href":"https:\/\/smileviagens.pt\/index.php?rest_route=\/wp\/v2\/types\/page"}],"author":[{"embeddable":true,"href":"https:\/\/smileviagens.pt\/index.php?rest_route=\/wp\/v2\/users\/1"}],"replies":[{"embeddable":true,"href":"https:\/\/smileviagens.pt\/index.php?rest_route=%2Fwp%2Fv2%2Fcomments&post=765"}],"version-history":[{"count":5,"href":"https:\/\/smileviagens.pt\/index.php?rest_route=\/wp\/v2\/pages\/765\/revisions"}],"predecessor-version":[{"id":770,"href":"https:\/\/smileviagens.pt\/index.php?rest_route=\/wp\/v2\/pages\/765\/revisions\/770"}],"wp:attachment":[{"href":"https:\/\/smileviagens.pt\/index.php?rest_route=%2Fwp%2Fv2%2Fmedia&parent=765"}],"curies":[{"name":"wp","href":"https:\/\/api.w.org\/{rel}","templated":true}]}}