{"id":802,"date":"2025-06-23T16:39:55","date_gmt":"2025-06-23T16:39:55","guid":{"rendered":"https:\/\/smileviagens.pt\/?page_id=802"},"modified":"2025-06-24T11:46:56","modified_gmt":"2025-06-24T11:46:56","slug":"trabalhe-connosco","status":"publish","type":"page","link":"https:\/\/smileviagens.pt\/?page_id=802","title":{"rendered":"Trabalhe Connosco"},"content":{"rendered":"\t\t<div data-elementor-type=\"wp-page\" data-elementor-id=\"802\" class=\"elementor elementor-802\">\n\t\t\t\t<div class=\"elementor-element elementor-element-74382f8 e-grid e-con-boxed e-con e-parent\" data-id=\"74382f8\" data-element_type=\"container\" data-e-type=\"container\">\n\t\t\t\t\t<div class=\"e-con-inner\">\n\t\t\t\t<div class=\"elementor-element elementor-element-cda87f7 elementor-widget elementor-widget-heading\" data-id=\"cda87f7\" data-element_type=\"widget\" data-e-type=\"widget\" data-widget_type=\"heading.default\">\n\t\t\t\t<div class=\"elementor-widget-container\">\n\t\t\t\t\t<h5 class=\"elementor-heading-title elementor-size-default\">Oportunidades<\/h5>\t\t\t\t<\/div>\n\t\t\t\t<\/div>\n\t\t\t\t<div class=\"elementor-element elementor-element-be1bcd8 elementor-widget elementor-widget-spacer\" data-id=\"be1bcd8\" data-element_type=\"widget\" data-e-type=\"widget\" data-widget_type=\"spacer.default\">\n\t\t\t\t<div class=\"elementor-widget-container\">\n\t\t\t\t\t\t\t<div class=\"elementor-spacer\">\n\t\t\t<div class=\"elementor-spacer-inner\"><\/div>\n\t\t<\/div>\n\t\t\t\t\t\t<\/div>\n\t\t\t\t<\/div>\n\t\t\t\t<div class=\"elementor-element elementor-element-0b1006f elementor-widget elementor-widget-text-editor\" data-id=\"0b1006f\" data-element_type=\"widget\" data-e-type=\"widget\" data-widget_type=\"text-editor.default\">\n\t\t\t\t<div class=\"elementor-widget-container\">\n\t\t\t\t\t\t\t\t\t<p><code><section class=\"job-listing row clearfix\" aria-label=\"Job listings\"><div class=\"column medium-12 col-md-12\" role=\"list\"><article class=\"job-preview clearfix\" role=\"article\" aria-labelledby=\"job-title-830\"><div class=\"job-content\"><h5><a href=\"https:\/\/smileviagens.pt\/?jobs=consultor-de-viagens-junior-corporate-m-f-2\" id=\"job-title-830\" target=\"_self\"><span>Consultor de Viagens - Corporate (M\/F)<\/span><\/a><\/h5><div class=\"job-additional-information\" aria-label=\"Additional job information\"><span>Alg\u00e9s<\/span><span class=\"job-preview-details-separator\">, <span><span>Full-time<\/span><\/div><\/div><div class=\"job-cta\"><a href=\"https:\/\/smileviagens.pt\/?jobs=consultor-de-viagens-junior-corporate-m-f-2\" target=\"_self\" class=\"apply-btn local\" aria-label=\"View job: Consultor de Viagens - Corporate (M\/F)\">Ver Oferta<\/a><\/div><\/article><article class=\"job-preview clearfix\" role=\"article\" aria-labelledby=\"job-title-823\"><div class=\"job-content\"><h5><a href=\"https:\/\/smileviagens.pt\/?jobs=consultor-de-viagens-junior-corporate-m-f\" id=\"job-title-823\" target=\"_self\"><span>Consultor de Viagens J\u00fanior - Corporate (M\/F)<\/span><\/a><\/h5><div class=\"job-additional-information\" aria-label=\"Additional job information\"><span>Alg\u00e9s<\/span><span class=\"job-preview-details-separator\">, <span><span>Full-time<\/span><\/div><\/div><div class=\"job-cta\"><a href=\"https:\/\/smileviagens.pt\/?jobs=consultor-de-viagens-junior-corporate-m-f\" target=\"_self\" class=\"apply-btn local\" aria-label=\"View job: Consultor de Viagens J\u00fanior - Corporate (M\/F)\">Ver Oferta<\/a><\/div><\/article><\/div><\/section><\/code><\/p>\t\t\t\t\t\t\t\t<\/div>\n\t\t\t\t<\/div>\n\t\t\t\t<div class=\"elementor-element elementor-element-fff91f8 elementor-widget elementor-widget-spacer\" data-id=\"fff91f8\" data-element_type=\"widget\" data-e-type=\"widget\" data-widget_type=\"spacer.default\">\n\t\t\t\t<div class=\"elementor-widget-container\">\n\t\t\t\t\t\t\t<div class=\"elementor-spacer\">\n\t\t\t<div class=\"elementor-spacer-inner\"><\/div>\n\t\t<\/div>\n\t\t\t\t\t\t<\/div>\n\t\t\t\t<\/div>\n\t\t\t\t<div class=\"elementor-element elementor-element-6297c7d elementor-widget elementor-widget-heading\" data-id=\"6297c7d\" data-element_type=\"widget\" data-e-type=\"widget\" data-widget_type=\"heading.default\">\n\t\t\t\t<div class=\"elementor-widget-container\">\n\t\t\t\t\t<h5 class=\"elementor-heading-title elementor-size-default\">Ficha Candidatura Espont\u00e2nea<\/h5>\t\t\t\t<\/div>\n\t\t\t\t<\/div>\n\t\t\t\t<div class=\"elementor-element elementor-element-6c95f0d elementor-widget elementor-widget-text-editor\" data-id=\"6c95f0d\" data-element_type=\"widget\" data-e-type=\"widget\" data-widget_type=\"text-editor.default\">\n\t\t\t\t<div class=\"elementor-widget-container\">\n\t\t\t\t\t\t\t\t\t<div class=\"wpcf7 no-js\" id=\"wpcf7-f727-o1\" lang=\"en-US\" dir=\"ltr\" data-wpcf7-id=\"727\">\n<div class=\"screen-reader-response\"><p role=\"status\" aria-live=\"polite\" aria-atomic=\"true\"><\/p> <ul><\/ul><\/div>\n<form action=\"\/index.php?rest_route=%2Fwp%2Fv2%2Fpages%2F802#wpcf7-f727-o1\" method=\"post\" class=\"wpcf7-form init\" aria-label=\"Contact form\" enctype=\"multipart\/form-data\" novalidate=\"novalidate\" data-status=\"init\">\n<fieldset class=\"hidden-fields-container\"><input type=\"hidden\" name=\"_wpcf7\" value=\"727\" \/><input type=\"hidden\" name=\"_wpcf7_version\" value=\"6.1.6\" \/><input type=\"hidden\" name=\"_wpcf7_locale\" value=\"en_US\" \/><input type=\"hidden\" name=\"_wpcf7_unit_tag\" value=\"wpcf7-f727-o1\" \/><input type=\"hidden\" name=\"_wpcf7_container_post\" value=\"0\" \/><input type=\"hidden\" name=\"_wpcf7_posted_data_hash\" value=\"\" \/>\n<\/fieldset>\n<p><label> Nome Completo<br \/>\n<span class=\"wpcf7-form-control-wrap\" data-name=\"your-name\"><input size=\"40\" maxlength=\"400\" class=\"wpcf7-form-control wpcf7-text wpcf7-validates-as-required\" autocomplete=\"name\" aria-required=\"true\" aria-invalid=\"false\" value=\"\" type=\"text\" name=\"your-name\" \/><\/span> <\/label>\n<\/p>\n<p><label> Email<br \/>\n<span class=\"wpcf7-form-control-wrap\" data-name=\"your-email\"><input size=\"40\" maxlength=\"400\" class=\"wpcf7-form-control wpcf7-email wpcf7-validates-as-required wpcf7-text wpcf7-validates-as-email\" autocomplete=\"email\" aria-required=\"true\" aria-invalid=\"false\" value=\"\" type=\"email\" name=\"your-email\" \/><\/span> <\/label>\n<\/p>\n<p><label> Contato Telef\u00f3nico<br \/>\n<span class=\"wpcf7-form-control-wrap\" data-name=\"tel-418\"><input size=\"40\" maxlength=\"12\" minlength=\"9\" class=\"wpcf7-form-control wpcf7-tel wpcf7-validates-as-required wpcf7-text wpcf7-validates-as-tel\" aria-required=\"true\" aria-invalid=\"false\" value=\"\" type=\"tel\" name=\"tel-418\" \/><\/span> <\/label>\n<\/p>\n<p><label> Localiza\u00e7\u00e3o Geogr\u00e1fica<br \/>\n<span class=\"wpcf7-form-control-wrap\" data-name=\"checkbox-286\"><span class=\"wpcf7-form-control wpcf7-checkbox wpcf7-validates-as-required\"><span class=\"wpcf7-list-item first\"><label><input type=\"checkbox\" name=\"checkbox-286[]\" value=\"Lisboa\" \/><span class=\"wpcf7-list-item-label\">Lisboa<\/span><\/label><\/span><span class=\"wpcf7-list-item last\"><label><input type=\"checkbox\" name=\"checkbox-286[]\" value=\"Porto\" \/><span class=\"wpcf7-list-item-label\">Porto<\/span><\/label><\/span><\/span><\/span><br \/>\n<\/label><label> Mensagem<br \/>\n<span class=\"wpcf7-form-control-wrap\" data-name=\"your-message\"><textarea cols=\"40\" rows=\"10\" maxlength=\"2000\" class=\"wpcf7-form-control wpcf7-textarea\" aria-invalid=\"false\" name=\"your-message\"><\/textarea><\/span><br \/>\n<\/label><label> Fa\u00e7a Upload do seu CV<br \/>\n<span class=\"wpcf7-form-control-wrap\" data-name=\"file-112\"><input size=\"40\" class=\"wpcf7-form-control wpcf7-file wpcf7-validates-as-required\" accept=\".pdf\" aria-required=\"true\" aria-invalid=\"false\" type=\"file\" name=\"file-112\" \/><\/span><br \/>\n<span class=\"wpcf7-form-control-wrap\" data-name=\"acceptance-836\"><span class=\"wpcf7-form-control wpcf7-acceptance\"><span class=\"wpcf7-list-item\"><label><input type=\"checkbox\" name=\"acceptance-836\" value=\"1\" aria-invalid=\"false\" \/><span class=\"wpcf7-list-item-label\">Declaro que fui devidamente informado e aceito a Pol\u00edtica de Prote\u00e7\u00e3o de Dados<\/span><\/label><\/span><\/span><\/span><br \/>\n<input class=\"wpcf7-form-control wpcf7-submit has-spinner\" type=\"submit\" value=\"Enviar\" \/><\/label>\n<\/p><p style=\"display: none !important;\" class=\"akismet-fields-container\" data-prefix=\"_wpcf7_ak_\"><label>&#916;<textarea name=\"_wpcf7_ak_hp_textarea\" cols=\"45\" rows=\"8\" maxlength=\"100\"><\/textarea><\/label><input type=\"hidden\" id=\"ak_js_1\" name=\"_wpcf7_ak_js\" value=\"11\"\/><script>\ndocument.getElementById( \"ak_js_1\" ).setAttribute( \"value\", ( new Date() ).getTime() );\n<\/script>\n<\/p><div class=\"wpcf7-response-output\" aria-hidden=\"true\"><\/div>\n<\/form>\n<\/div>\t\t\t\t\t\t\t\t<\/div>\n\t\t\t\t<\/div>\n\t\t\t\t\t<\/div>\n\t\t\t\t<\/div>\n\t\t\t\t<\/div>\n\t\t","protected":false},"excerpt":{"rendered":"<p>Oportunidades Ficha Candidatura Espont\u00e2nea<\/p>\n","protected":false},"author":1,"featured_media":0,"parent":0,"menu_order":0,"comment_status":"closed","ping_status":"open","template":"","meta":{"footnotes":""},"class_list":["post-802","page","type-page","status-publish","hentry","description-off"],"_links":{"self":[{"href":"https:\/\/smileviagens.pt\/index.php?rest_route=\/wp\/v2\/pages\/802","targetHints":{"allow":["GET"]}}],"collection":[{"href":"https:\/\/smileviagens.pt\/index.php?rest_route=\/wp\/v2\/pages"}],"about":[{"href":"https:\/\/smileviagens.pt\/index.php?rest_route=\/wp\/v2\/types\/page"}],"author":[{"embeddable":true,"href":"https:\/\/smileviagens.pt\/index.php?rest_route=\/wp\/v2\/users\/1"}],"replies":[{"embeddable":true,"href":"https:\/\/smileviagens.pt\/index.php?rest_route=%2Fwp%2Fv2%2Fcomments&post=802"}],"version-history":[{"count":21,"href":"https:\/\/smileviagens.pt\/index.php?rest_route=\/wp\/v2\/pages\/802\/revisions"}],"predecessor-version":[{"id":833,"href":"https:\/\/smileviagens.pt\/index.php?rest_route=\/wp\/v2\/pages\/802\/revisions\/833"}],"wp:attachment":[{"href":"https:\/\/smileviagens.pt\/index.php?rest_route=%2Fwp%2Fv2%2Fmedia&parent=802"}],"curies":[{"name":"wp","href":"https:\/\/api.w.org\/{rel}","templated":true}]}}